{"id":171,"date":"2021-04-17T15:20:55","date_gmt":"2021-04-17T15:20:55","guid":{"rendered":"https:\/\/restauranteasadorjani.com\/?page_id=171"},"modified":"2021-04-17T15:20:55","modified_gmt":"2021-04-17T15:20:55","slug":"politicas-de-cookies","status":"publish","type":"page","link":"https:\/\/restauranteasadorjani.com\/index.php\/politicas-de-cookies\/","title":{"rendered":"Politicas de cookies"},"content":{"rendered":"\n<h2>\u00bfQu\u00e9 son las cookies?<\/h2>\n\n<p>\n\tEn ingl\u00e9s, el t\u00e9rmino &quot;cookie&quot; significa galleta, pero en el \u00e1mbito de la navegaci\u00f3n web, una &quot;cookie&quot; es algo completamente distinto. Cuando accede a nuestro Sitio Web, en el navegador de su dispositivo se almacena una peque\u00f1a cantidad de texto que se denomina &quot;cookie&quot;. Este texto contiene informaci\u00f3n variada sobre su navegaci\u00f3n, h\u00e1bitos, preferencias, personalizaciones de contenidos, etc...\n<\/p>\n\n<p>\n\tExisten otras tecnolog\u00edas que funcionan de manera similar y que tambi\u00e9n se usan para recopilar datos sobre tu actividad de navegaci\u00f3n. Llamaremos &quot;cookies&quot; a todas estas tecnolog\u00edas en su conjunto.\n<\/p>\n\n<p>\n\tLos usos concretos que hacemos de estas tecnolog\u00edas se describen en el presente documento.\n<\/p>\n\n<h2>\u00bfPara qu\u00e9 se utilizan las cookies en esta web?<\/h2>\n\n<p>\n\tLas cookies son una parte esencial de c\u00f3mo funciona el Sitio Web. El objetivo principal de nuestras cookies es mejorar su experiencia en la navegaci\u00f3n. Por ejemplo, para recordar sus preferencias (idioma, pa\u00eds, etc.) durante la navegaci\u00f3n y en futuras visitas. La informaci\u00f3n recogida en las cookies nos permite adem\u00e1s mejorar la web, adaptarla a sus intereses como usuario, acelerar las b\u00fasquedas que realice, etc..\n<\/p>\n\n<p>\n\tEn determinados casos, si hemos obtenido su previo consentimiento informado, podremos utilizar cookies para otros usos, como por ejemplo para obtener informaci\u00f3n que nos permita mostrarle publicidad basada en el an\u00e1lisis de sus h\u00e1bitos de navegaci\u00f3n.\n<\/p>\n\n<h2>\u00bfPara qu\u00e9 NO se utilizan las cookies en esta web?<\/h2>\n\n<p>\n\tEn las cookies que utilizamos no se almacena informaci\u00f3n sensible de identificaci\u00f3n personal como su nombre, direcci\u00f3n, tu contrase\u00f1a, etc...\n<\/p>\n\n<h2>\u00bfQui\u00e9n utiliza la informaci\u00f3n almacenada en las cookies?<\/h2>\n\n<p>\n\tLa informaci\u00f3n almacenada en las cookies de nuestro Sitio Web es utilizada exclusivamente por nosotros, a excepci\u00f3n de aquellas identificadas m\u00e1s adelante como &quot;cookie de terceros&quot;, que son utilizadas y gestionadas por entidades externas que nos proporcionan servicios que mejoran la experiencia del usuario. Por ejemplo las estad\u00edsticas que se recogen sobre el n\u00famero de visitas, el contenido que m\u00e1s gusta, etc... \n<\/p>\n\n\n\n<h2>\u00bfC\u00f3mo puede evitar el uso de cookies en este Sitio Web?<\/h2>\n\n<p>\n\tSi prefiere evitar el uso de las cookies, puede RECHAZAR su uso o puede CONFIGURAR las que quiere evitar y las que permite utilizar (en este documento le damos informaci\u00f3n ampliada al respecto de cada tipo de cookie, su finalidad, destinatario, temporalidad, etc... ).\n<\/p>\n\n<p>\n\tSi las ha aceptado, no volveremos a preguntarle a menos que borre las cookies en su dispositivo seg\u00fan se indica en el apartado siguiente. Si quiere revocar el consentimiento tendr\u00e1 que eliminar las cookies y volver a configurarlas.\n<\/p>\n\n\n<h2>\u00bfC\u00f3mo deshabilito y elimino la utilizaci\u00f3n de cookies?<\/h2>\n\n<p>\nEl Titular muestra informaci\u00f3n sobre su Pol\u00edtica de cookies en el banner de cookies accesible en todas las p\u00e1ginas del Sitio Web. El banner de cookies muestra informaci\u00f3n esencial sobre el tratamiento de datos y permite al Usuario realizar las siguientes acciones:\n<\/p>\n<p>\n<ul>\n  <li>ACEPTAR o RECHAZAR la instalaci\u00f3n de cookies, o retirar el consentimiento previamente otorgado.<\/li>\n  <li>Cambiar las preferencias de cookies desde la p\u00e1gina Personalizar Cookies, a la que puede acceder desde el Aviso de Cookies o desde la p\u00e1gina de <a href=\"https:\/\/restauranteasadorjani.com\/index.php\/personalizar-cookies\/\">Personalizar Cookies<\/a>.<\/li>\n  \n  <li>Obtener informaci\u00f3n adicional en la p\u00e1gina de  <a href=https:\/\/restauranteasadorjani.com\/index.php\/politicas-de-cookies\/>Pol\u00edtica de Cookies<\/a>.<\/li>\n<\/ul>\n<\/p>\n\n<p>\n\tPara restringir, bloquear o borrar las cookies de este Sitio Web (y las usada por terceros) puede hacerlo, en cualquier momento, modificando la configuraci\u00f3n de su navegador. Tenga en cuenta que esta configuraci\u00f3n es diferente en cada navegador.\n<\/p>\n\n<p> \n  En los siguientes enlaces encontrar\u00e1 instrucciones para habilitar o deshabilitar las cookies en los navegadores m\u00e1s comunes.\n<\/p>\n\n<p>\n  <ul>\n    <li><a rel=\"nofollow\" target=\"_blank\" rel=\"noopener noreferrer nofollow\" href=\"http:\/\/support.mozilla.org\/es\/kb\/habilitar-y-deshabilitar-cookies-que-los-sitios-we\">Firefox<\/a><\/li>\n    <li><a target=\"_blank\" rel=\"noopener noreferrer nofollow\" href=\"https:\/\/support.google.com\/chrome\/answer\/95647?hl=es\">Google Chrome<\/a><\/li>\n    <li><a target=\"_blank\" rel=\"noopener noreferrer nofollow\" href='https:\/\/support.microsoft.com\/es-es\/help\/17442\/windows-internet-explorer-delete-manage-cookies#ie=\"ie-10'>Internet Explorer<\/a><\/li>\n    <li><a target=\"_blank\" rel=\"noopener noreferrer nofollow\" href='https:\/\/support.microsoft.com\/es-es\/help\/4468242\/microsoft-edge-browsing-data-and-privacy'>Microsoft Edge<\/a><\/li>\n    <li><a rel=\"nofollow\" target=\"_blank\" rel=\"noopener noreferrer nofollow\" href=\"http:\/\/support.apple.com\/kb\/HT1677?viewlocale=es_ES\">Safari<\/a><\/li>\n  <\/ul>\n<\/p>\n\n\n<h2>\u00bfQu\u00e9 tipos de cookies se utilizan en esta p\u00e1gina web?<\/h2>\n\n<p>\n\tCada p\u00e1gina web utiliza sus propias cookies. En nuestra web utilizamos las que se indican a continuaci\u00f3n:\n<\/p>\n\n<p>\n\t<b>SEG\u00daN LA ENTIDAD QUE LO GESTIONA<\/b>\n<\/p>\n\n<p>\n\t<b>Cookies propias:<\/b>\n<\/p>\n\n<p>\n\tSon aquellas que se env\u00edan al equipo terminal del Usuario desde un equipo o dominio gestionado por el propio editor y desde el que se presta el servicio solicitado por el Usuario.\n<\/p>\n\n<p>\n\t<b>Cookies de terceros:<\/b>\n<\/p>\n\n<p>\n\tSon aquellas que se env\u00edan al equipo terminal del Usuario desde un equipo o dominio que no es gestionado por el editor, sino por otra entidad que trata los datos obtenidos trav\u00e9s de las cookies.\n<\/p>\n\n<p>\n\tEn el caso de que las cookies sean servidas desde un equipo o dominio gestionado por el propio editor, pero la informaci\u00f3n que se recoja mediante estas sea gestionada por un tercero, no pueden ser consideradas como cookies propias si el tercero las utiliza para sus propias finalidades (por ejemplo, la mejora de los servicios que presta o la prestaci\u00f3n de servicios de car\u00e1cter publicitario a favor de otras entidades).\n<\/p>\n\n<p>\n\t<b>SEG\u00daN SU FINALIDAD<\/b>\n<\/p>\n\n<p>\n\t<b>Cookies t\u00e9cnicas:<\/b>\n<\/p>\n\n<p>\n\tSon aquellas necesarias para la navegaci\u00f3n y el buen funcionamiento de nuestro Sitio Web, como por ejemplo, controlar el tr\u00e1fico y la comunicaci\u00f3n de datos, identificar la sesi\u00f3n, acceder a partes de acceso restringido, realizar la solicitud de inscripci\u00f3n o participaci\u00f3n en un evento, contar visitas a efectos de la facturaci\u00f3n de licencias del software con el que funciona el servicio del Sitio Web, utilizar elementos de seguridad durante la navegaci\u00f3n, almacenar contenidos para la difusi\u00f3n de v\u00eddeos o sonido, habilitar contenidos din\u00e1micos (por ejemplo, animaci\u00f3n de carga de un texto o imagen).\n<\/p>\n\n<p>\n\t<b>Cookies de an\u00e1lisis:<\/b>\n<\/p>\n\n<p>\n\tPermiten cuantificar el n\u00famero de usuarios y as\u00ed realizar la medici\u00f3n y an\u00e1lisis estad\u00edstico de la utilizaci\u00f3n que hacen los usuarios del Sitio Web. \n<\/p>\n\n<p>\n\t<b>Cookies de preferencias o personalizaci\u00f3n:<\/b>\n<\/p>\n\n<p>\n\tSon aquellas que permiten recordar informaci\u00f3n para que el Usuario acceda al servicio con determinadas caracter\u00edsticas que pueden diferenciar su experiencia de la de otros usuarios, como, por ejemplo, el idioma, el n\u00famero de resultados a mostrar cuando el Usuario realiza una b\u00fasqueda, el aspecto o contenido del servicio en funci\u00f3n del tipo de navegador a trav\u00e9s del cual el Usuario accede al servicio o de la regi\u00f3n desde la que accede al servicio, etc.\n<\/p>\n\n\n\n<p>\n\t<b>SEG\u00daN EL PLAZO DE TIEMPO QUE PERMANECEN ACTIVADAS<\/b>\n<\/p>\n\n<p>\n\t<b>Cookies de sesi\u00f3n:<\/b>\n<\/p>\n\n<p>\n\tSon aquellas dise\u00f1adas para recabar y almacenar datos mientras el Usuario accede a una p\u00e1gina web.\n<\/p>\n\n<p>\n\tSe suelen emplear para almacenar informaci\u00f3n que solo interesa conservar para la prestaci\u00f3n del servicio solicitado por el Usuario en una sola ocasi\u00f3n (por ejemplo, una lista de productos adquiridos) y desaparecen al terminar la sesi\u00f3n.\n<\/p>\n\n<p>\n\t<b>Cookies persistentes:<\/b>\n<\/p>\n\n<p>\n\tSon aquellas en las que los datos siguen almacenados en el terminal y pueden ser accedidos y tratados durante un periodo definido por el responsable de la cookie, y que puede ir de unos minutos a varios a\u00f1os. A este respecto debe valorarse espec\u00edficamente si es necesaria la utilizaci\u00f3n de cookies persistentes, puesto que los riesgos para la privacidad podr\u00edan reducirse mediante la utilizaci\u00f3n de cookies de sesi\u00f3n. En todo caso, cuando se instalen cookies persistentes, se recomienda reducir al m\u00ednimo necesario su duraci\u00f3n temporal atendiendo a la finalidad de su uso. A estos efectos, el Dictamen 4\/2012 del GT29 indic\u00f3 que para que una cookie pueda estar exenta del deber de consentimiento informado, su caducidad debe estar relacionada con su finalidad. Debido a ello, es mucho m\u00e1s probable que se consideren como exceptuadas las cookies de sesi\u00f3n que las persistentes.\n<\/p>\n\n\n<p>\n\t<b>Detalle de cookies utilizadas en esta web:<\/b>\n<\/p>\n\n\n<p id=\"block-c03b9dc5-1d81-40ed-9b6b-4a417568c892\">En cumplimiento de la Ley 34\/2002 de Servicios de la Sociedad de la Informaci\u00f3n y Comercio Electr\u00f3nico LSSICE y sus modificaciones del Real Decreto-ley 13\/2012, de 30 de marzo, que afectan al uso de cookies y a los env\u00edos comerciales por correo electr\u00f3nico, y en cumplimiento de la Directiva Europea 2009\/136\/CE, le informamos que nuestro sitio web http:\/\/bpublicidadsociodigital.com colocar\u00e1 cookies en su ordenador para ayudar a mejorar la navegaci\u00f3n en su web y obtener datos estad\u00edsticos.<\/p>\n\n\n\n<p id=\"block-acc0210d-029c-4be5-990f-46e72b7d1b1e\"><strong>\u00bfQu\u00e9 cookies utilizamos?<\/strong><\/p>\n\n\n\n<ol class=\"wp-block-list\" id=\"block-04ffaeb3-10b3-4883-a2f3-96aa094fad6b\"><li><strong>Cookies de sesi\u00f3n:<\/strong>&nbsp;Son un tipo de cookies dise\u00f1adas para recabar y almacenar datos mientras el usuario accede a una p\u00e1gina web. Permite controlar la sesi\u00f3n del usuario en la web. Son cookies temporales que permanecen en el archivo de cookies de su navegador hasta que abandone la p\u00e1gina web, por lo que ninguna queda registrada en el disco duro del usuario. Estas cookies no recogen ninguna informaci\u00f3n sobre su navegaci\u00f3n que pueda ser utilizada por acciones de marketing o para recordar por qu\u00e9 p\u00e1ginas ha navegado.<\/li><li><strong>Cookies de an\u00e1lisis:<\/strong>&nbsp;Son aqu\u00e9llas que nos permiten cuantificar el n\u00famero de usuarios y as\u00ed realizar la medici\u00f3n y an\u00e1lisis de la utilizaci\u00f3n que hacen del servicio ofertado. Los fines son puramente estad\u00edsticos y nos sirven para poder mejorar nuestros contenidos.<\/li><\/ol>\n\n\n\n<p id=\"block-b22d3bfa-a77e-4ec5-96b1-9b903d1e83f1\"><strong>Cookies de terceros usadas en Lanzadera seo<\/strong><\/p>\n\n\n\n<p id=\"block-e929b858-b340-4aeb-9363-1398fe900a08\">En\u00a0<strong>Restaurante Asador Jani <\/strong>usamos cookies de terceros, concretamente las de Google Analytics cuya finalidad es estudiar a los visitantes del sitio web.<\/p>\n\n\n\n<p id=\"block-eb5bd55d-d8a3-4dd0-b99d-13f3a75dbfad\"><strong>\u00bfQu\u00e9 son las cookies?<\/strong><\/p>\n\n\n\n<p id=\"block-14d06192-b6c5-4597-a1b8-d0a6a78f9653\">Las cookies son archivos que las p\u00e1ginas web almacenan en el navegador del usuario que las visita, necesarias para aportar a la navegaci\u00f3n web ventajas en la prestaci\u00f3n de servicios interactivos.<\/p>\n\n\n\n<p id=\"block-6176e3fc-c6ee-4e03-bd07-59d3cae827db\"><strong>Tipos posibles de cookies<\/strong><\/p>\n\n\n\n<ol class=\"wp-block-list\" id=\"block-ce4ee7eb-b9c8-446f-b7c5-c368083175ce\"><li><strong>Cookies de sesi\u00f3n:<\/strong>&nbsp;Son un tipo de cookies dise\u00f1adas para recabar y almacenar datos mientras el usuario accede a una p\u00e1gina web, y no queda registrada en el disco del usuario.<\/li><li><strong>Cookies persistentes:<\/strong>&nbsp;Son un tipo de cookies en el que los datos siguen almacenados en el terminal y pueden ser accedidos y tratados durante un periodo definido por el responsable de la cookie, y que puede ir de unos minutos a varios a\u00f1os.<\/li><\/ol>\n\n\n\n<p id=\"block-f2fb0aae-619b-4c42-91b0-2a9e513d65eb\"><strong>Las cookies tambi\u00e9n pueden ser:<\/strong><\/p>\n\n\n\n<ol class=\"wp-block-list\" id=\"block-7dc33f06-3bde-4617-b296-224719b5b41f\"><li><strong>Propias:<\/strong>&nbsp;son cookies generadas por la propia p\u00e1gina web que se est\u00e1 visitando.<\/li><li><strong>De terceros:<\/strong>&nbsp;son cookies que se reciben al navegar por esa p\u00e1gina web, pero que han sido generadas por un tercer servicio que se encuentra hospedado en ella.<\/li><\/ol>\n\n\n\n<p id=\"block-b8fd9254-da08-49ed-8f49-ff336dd1ad66\"><strong>Fines de las cookies<\/strong><\/p>\n\n\n\n<ol class=\"wp-block-list\" id=\"block-71d19f79-da54-44cf-ad9f-8e8c9aea6c70\"><li><strong>Fines t\u00e9cnicos:<\/strong>&nbsp;Son necesarias para el funcionamiento de la p\u00e1gina web. Son las denominadas tambi\u00e9n estrictamente necesarias. Hacen posible el control de tr\u00e1fico desde el servidor a m\u00faltiples usuarios a la vez, la identificaci\u00f3n y el acceso como usuario del sistema, etc.<\/li><li><strong>Personalizaci\u00f3n:<\/strong>&nbsp;Hacen posible que cada usuario pueda configurar aspectos como el lenguaje en el que desea ver la p\u00e1gina web o la configuraci\u00f3n regional.<\/li><li><strong>An\u00e1lisis o rendimiento:<\/strong>&nbsp;Permiten medir el n\u00famero de visitas y criterios de navegaci\u00f3n de diferentes \u00e1reas de la web de forma an\u00f3nima.<br>Publicidad: Permiten implementar par\u00e1metros de eficiencia en la publicidad ofrecida en las p\u00e1ginas web.<\/li><li><strong>Publicidad comportamental:<\/strong>&nbsp;Permiten implementar par\u00e1metros de eficiencia en la publicidad ofrecida en las p\u00e1ginas web, basados en informaci\u00f3n sobre el comportamiento de los usuarios.<\/li><\/ol>\n\n\n\n<p id=\"block-16bada9d-e7a0-4b69-b91d-83e38a1e780c\"><strong>Aceptaci\u00f3n de la Pol\u00edtica de cookies<\/strong><\/p>\n\n\n\n<p id=\"block-1657b5af-08a3-44dc-bbf2-8951d28e5c10\">Restaurante Asador Jani asume que usted acepta el uso de cookies si contin\u00faa navegando.<br><strong>C\u00f3mo modificar la configuraci\u00f3n de las cookies<\/strong><\/p>\n\n\n\n<p id=\"block-e366ca15-361b-4fd0-9809-fa2d8a5d0ee5\">Usted puede restringir, bloquear o borrar las cookies de esta p\u00e1gina web o cualquier otra p\u00e1gina web, utilizando su navegador. En cada navegador la operativa es diferente, la funci\u00f3n de \u2018Ayuda\u201d le mostrar\u00e1 c\u00f3mo hacerlo.<\/p>\n\n\n\n<p id=\"block-b9f2bc34-7c92-4e71-ba11-7411802adecf\"><strong>C\u00f3mo desinstalar cookies<\/strong><\/p>\n\n\n\n<p id=\"block-0740bbe7-2ee9-4630-89fd-a37b284a38b6\">Si quieres borrar de tu navegador las cookies registradas por https:\/\/restauranteasadorjani.com, aqu\u00ed tienes enlaces a instrucciones para distintos navegadores:<\/p>\n\n\n\n<ol class=\"wp-block-list\" id=\"block-923c496e-da6d-4402-b7eb-52642e468e9f\"><li>Internet Explorer: http:\/\/windows.microsoft.com\/es-es\/internet-explorer\/delete-manage-cookies<\/li><li>Google Chrome: https:\/\/support.google.com\/chrome\/answer\/95647<br>Firefox: http:\/\/support.mozilla.org\/kb\/delete-cookies-remove-info-websites-stored<\/li><li>Safari: http:\/\/support.apple.com\/kb\/ph11920(en ingl\u00e9s) Entra al men\u00fa Safari &gt; Preferencias. En la secci\u00f3n Privacidad, pulsa el bot\u00f3n Detalles Selecciona el sitio web que almacena cookies y pulsa Eliminar, o pulsa Eliminar Todos para borrar todas las cookies<\/li><\/ol>\n","protected":false},"excerpt":{"rendered":"<p>\u00bfQu\u00e9 son las cookies? En ingl\u00e9s, el t\u00e9rmino &quot;cookie&quot; significa galleta, pero en el \u00e1mbito de la navegaci\u00f3n web, una &quot;cookie&quot; es algo completamente distinto. Cuando accede a nuestro Sitio Web, en el navegador de su dispositivo se almacena una peque\u00f1a cantidad de texto que se denomina &quot;cookie&quot;. Este texto contiene informaci\u00f3n variada sobre su [&hellip;]<\/p>\n","protected":false},"author":1,"featured_media":0,"parent":0,"menu_order":0,"comment_status":"closed","ping_status":"closed","template":"","meta":{"footnotes":""},"class_list":["post-171","page","type-page","status-publish","hentry"],"yoast_head":"<!-- This site is optimized with the Yoast SEO plugin v27.5 - https:\/\/yoast.com\/product\/yoast-seo-wordpress\/ -->\n<title>Politicas de cookies -<\/title>\n<meta name=\"robots\" content=\"index, follow, max-snippet:-1, max-image-preview:large, max-video-preview:-1\" \/>\n<link rel=\"canonical\" href=\"https:\/\/restauranteasadorjani.com\/index.php\/politicas-de-cookies\/\" \/>\n<meta property=\"og:locale\" content=\"es_ES\" \/>\n<meta property=\"og:type\" content=\"article\" \/>\n<meta property=\"og:title\" content=\"Politicas de cookies -\" \/>\n<meta property=\"og:description\" content=\"\u00bfQu\u00e9 son las cookies? En ingl\u00e9s, el t\u00e9rmino &quot;cookie&quot; significa galleta, pero en el \u00e1mbito de la navegaci\u00f3n web, una &quot;cookie&quot; es algo completamente distinto. Cuando accede a nuestro Sitio Web, en el navegador de su dispositivo se almacena una peque\u00f1a cantidad de texto que se denomina &quot;cookie&quot;. Este texto contiene informaci\u00f3n variada sobre su [&hellip;]\" \/>\n<meta property=\"og:url\" content=\"https:\/\/restauranteasadorjani.com\/index.php\/politicas-de-cookies\/\" \/>\n<meta name=\"twitter:card\" content=\"summary_large_image\" \/>\n<meta name=\"twitter:label1\" content=\"Tiempo de lectura\" \/>\n\t<meta name=\"twitter:data1\" content=\"4 minutos\" \/>\n<script type=\"application\/ld+json\" class=\"yoast-schema-graph\">{\"@context\":\"https:\\\/\\\/schema.org\",\"@graph\":[{\"@type\":\"WebPage\",\"@id\":\"https:\\\/\\\/restauranteasadorjani.com\\\/index.php\\\/politicas-de-cookies\\\/\",\"url\":\"https:\\\/\\\/restauranteasadorjani.com\\\/index.php\\\/politicas-de-cookies\\\/\",\"name\":\"Politicas de cookies -\",\"isPartOf\":{\"@id\":\"https:\\\/\\\/restauranteasadorjani.com\\\/#website\"},\"datePublished\":\"2021-04-17T15:20:55+00:00\",\"breadcrumb\":{\"@id\":\"https:\\\/\\\/restauranteasadorjani.com\\\/index.php\\\/politicas-de-cookies\\\/#breadcrumb\"},\"inLanguage\":\"es\",\"potentialAction\":[{\"@type\":\"ReadAction\",\"target\":[\"https:\\\/\\\/restauranteasadorjani.com\\\/index.php\\\/politicas-de-cookies\\\/\"]}]},{\"@type\":\"BreadcrumbList\",\"@id\":\"https:\\\/\\\/restauranteasadorjani.com\\\/index.php\\\/politicas-de-cookies\\\/#breadcrumb\",\"itemListElement\":[{\"@type\":\"ListItem\",\"position\":1,\"name\":\"Portada\",\"item\":\"https:\\\/\\\/restauranteasadorjani.com\\\/\"},{\"@type\":\"ListItem\",\"position\":2,\"name\":\"Politicas de cookies\"}]},{\"@type\":\"WebSite\",\"@id\":\"https:\\\/\\\/restauranteasadorjani.com\\\/#website\",\"url\":\"https:\\\/\\\/restauranteasadorjani.com\\\/\",\"name\":\"\",\"description\":\"\",\"publisher\":{\"@id\":\"https:\\\/\\\/restauranteasadorjani.com\\\/#organization\"},\"potentialAction\":[{\"@type\":\"SearchAction\",\"target\":{\"@type\":\"EntryPoint\",\"urlTemplate\":\"https:\\\/\\\/restauranteasadorjani.com\\\/?s={search_term_string}\"},\"query-input\":{\"@type\":\"PropertyValueSpecification\",\"valueRequired\":true,\"valueName\":\"search_term_string\"}}],\"inLanguage\":\"es\"},{\"@type\":\"Organization\",\"@id\":\"https:\\\/\\\/restauranteasadorjani.com\\\/#organization\",\"name\":\"Restaurante Asador Jani\",\"url\":\"https:\\\/\\\/restauranteasadorjani.com\\\/\",\"logo\":{\"@type\":\"ImageObject\",\"inLanguage\":\"es\",\"@id\":\"https:\\\/\\\/restauranteasadorjani.com\\\/#\\\/schema\\\/logo\\\/image\\\/\",\"url\":\"https:\\\/\\\/restauranteasadorjani.com\\\/wp-content\\\/uploads\\\/2021\\\/03\\\/a84f9c45-c8b9-4c2d-be49-1ada66e23471.jpg\",\"contentUrl\":\"https:\\\/\\\/restauranteasadorjani.com\\\/wp-content\\\/uploads\\\/2021\\\/03\\\/a84f9c45-c8b9-4c2d-be49-1ada66e23471.jpg\",\"width\":2048,\"height\":1158,\"caption\":\"Restaurante Asador Jani\"},\"image\":{\"@id\":\"https:\\\/\\\/restauranteasadorjani.com\\\/#\\\/schema\\\/logo\\\/image\\\/\"}}]}<\/script>\n<!-- \/ Yoast SEO plugin. -->","yoast_head_json":{"title":"Politicas de cookies -","robots":{"index":"index","follow":"follow","max-snippet":"max-snippet:-1","max-image-preview":"max-image-preview:large","max-video-preview":"max-video-preview:-1"},"canonical":"https:\/\/restauranteasadorjani.com\/index.php\/politicas-de-cookies\/","og_locale":"es_ES","og_type":"article","og_title":"Politicas de cookies -","og_description":"\u00bfQu\u00e9 son las cookies? En ingl\u00e9s, el t\u00e9rmino &quot;cookie&quot; significa galleta, pero en el \u00e1mbito de la navegaci\u00f3n web, una &quot;cookie&quot; es algo completamente distinto. Cuando accede a nuestro Sitio Web, en el navegador de su dispositivo se almacena una peque\u00f1a cantidad de texto que se denomina &quot;cookie&quot;. Este texto contiene informaci\u00f3n variada sobre su [&hellip;]","og_url":"https:\/\/restauranteasadorjani.com\/index.php\/politicas-de-cookies\/","twitter_card":"summary_large_image","twitter_misc":{"Tiempo de lectura":"4 minutos"},"schema":{"@context":"https:\/\/schema.org","@graph":[{"@type":"WebPage","@id":"https:\/\/restauranteasadorjani.com\/index.php\/politicas-de-cookies\/","url":"https:\/\/restauranteasadorjani.com\/index.php\/politicas-de-cookies\/","name":"Politicas de cookies -","isPartOf":{"@id":"https:\/\/restauranteasadorjani.com\/#website"},"datePublished":"2021-04-17T15:20:55+00:00","breadcrumb":{"@id":"https:\/\/restauranteasadorjani.com\/index.php\/politicas-de-cookies\/#breadcrumb"},"inLanguage":"es","potentialAction":[{"@type":"ReadAction","target":["https:\/\/restauranteasadorjani.com\/index.php\/politicas-de-cookies\/"]}]},{"@type":"BreadcrumbList","@id":"https:\/\/restauranteasadorjani.com\/index.php\/politicas-de-cookies\/#breadcrumb","itemListElement":[{"@type":"ListItem","position":1,"name":"Portada","item":"https:\/\/restauranteasadorjani.com\/"},{"@type":"ListItem","position":2,"name":"Politicas de cookies"}]},{"@type":"WebSite","@id":"https:\/\/restauranteasadorjani.com\/#website","url":"https:\/\/restauranteasadorjani.com\/","name":"","description":"","publisher":{"@id":"https:\/\/restauranteasadorjani.com\/#organization"},"potentialAction":[{"@type":"SearchAction","target":{"@type":"EntryPoint","urlTemplate":"https:\/\/restauranteasadorjani.com\/?s={search_term_string}"},"query-input":{"@type":"PropertyValueSpecification","valueRequired":true,"valueName":"search_term_string"}}],"inLanguage":"es"},{"@type":"Organization","@id":"https:\/\/restauranteasadorjani.com\/#organization","name":"Restaurante Asador Jani","url":"https:\/\/restauranteasadorjani.com\/","logo":{"@type":"ImageObject","inLanguage":"es","@id":"https:\/\/restauranteasadorjani.com\/#\/schema\/logo\/image\/","url":"https:\/\/restauranteasadorjani.com\/wp-content\/uploads\/2021\/03\/a84f9c45-c8b9-4c2d-be49-1ada66e23471.jpg","contentUrl":"https:\/\/restauranteasadorjani.com\/wp-content\/uploads\/2021\/03\/a84f9c45-c8b9-4c2d-be49-1ada66e23471.jpg","width":2048,"height":1158,"caption":"Restaurante Asador Jani"},"image":{"@id":"https:\/\/restauranteasadorjani.com\/#\/schema\/logo\/image\/"}}]}},"_links":{"self":[{"href":"https:\/\/restauranteasadorjani.com\/index.php\/wp-json\/wp\/v2\/pages\/171","targetHints":{"allow":["GET"]}}],"collection":[{"href":"https:\/\/restauranteasadorjani.com\/index.php\/wp-json\/wp\/v2\/pages"}],"about":[{"href":"https:\/\/restauranteasadorjani.com\/index.php\/wp-json\/wp\/v2\/types\/page"}],"author":[{"embeddable":true,"href":"https:\/\/restauranteasadorjani.com\/index.php\/wp-json\/wp\/v2\/users\/1"}],"replies":[{"embeddable":true,"href":"https:\/\/restauranteasadorjani.com\/index.php\/wp-json\/wp\/v2\/comments?post=171"}],"version-history":[{"count":1,"href":"https:\/\/restauranteasadorjani.com\/index.php\/wp-json\/wp\/v2\/pages\/171\/revisions"}],"predecessor-version":[{"id":172,"href":"https:\/\/restauranteasadorjani.com\/index.php\/wp-json\/wp\/v2\/pages\/171\/revisions\/172"}],"wp:attachment":[{"href":"https:\/\/restauranteasadorjani.com\/index.php\/wp-json\/wp\/v2\/media?parent=171"}],"curies":[{"name":"wp","href":"https:\/\/api.w.org\/{rel}","templated":true}]}}